{"id":21,"date":"2022-08-18T20:57:17","date_gmt":"2022-08-18T18:57:17","guid":{"rendered":"http:\/\/parislongterme.fr\/?page_id=21"},"modified":"2024-10-26T20:20:09","modified_gmt":"2024-10-26T18:20:09","slug":"a-propos-de","status":"publish","type":"page","link":"https:\/\/www.parislongterme.fr\/index.php\/a-propos-de\/","title":{"rendered":"\u00c0 propos du service"},"content":{"rendered":"\n<p>Je suis Arnaud et j&rsquo;ai travaill\u00e9 durant plusieurs ann\u00e9es dans le trading au sein de banques priv\u00e9es puis en tant qu&rsquo;ind\u00e9pendant. Parieur depuis 12 ans, rentable depuis plus de 7 ans, j&rsquo;ai souhait\u00e9 lancer ce service in\u00e9dit en France afin d&rsquo;aider les parieurs \u00e0 d\u00e9velopper leur activit\u00e9 de paris sportifs comme un investissement rentable sur le moyen\/long terme. <\/p>\n\n\n\n<p>Ma conception des paris sportifs reste purement dans un cadre d&rsquo;investissement et de diversification d&rsquo;une allocation patrimoniale. Il ne s&rsquo;agit pas de \u00ab\u00a0gambling\u00a0\u00bb mais d&rsquo;utiliser la puissance des paris long terme (PLT &#8211; r\u00e9sultats des comp\u00e9titions) pour obtenir un rendement stable et constant au fil des ans. Pour cela, j&rsquo;ai d\u00e9velopp\u00e9 un algorithme que j&rsquo;utilise \u00e9galement en trading et qui me permet de d\u00e9terminer, avec une grande fiabilit\u00e9, les paris qui pr\u00e9sentent des cotes \u00ab\u00a0value\u00a0\u00bb au niveau statistique. <\/p>\n\n\n\n<p>De la m\u00eame mani\u00e8re qu&rsquo;en trading, il n&rsquo;y a pas de hasard ou de coup de c\u0153ur. Le mod\u00e8le bas\u00e9 sur le nombre d&rsquo;or (r\u00e9partition statistique utilis\u00e9e notamment dans des indicateurs tels que les ratios de Fibonacci) me permet d&rsquo;obtenir la meilleure combinaison de paris \u00e0 r\u00e9aliser pour neutraliser au maximum le risque (couverture) et obtenir le meilleur rendement possible en fonction des cotes propos\u00e9es. <\/p>\n\n\n\n<p>En fonction des p\u00e9riodes et des comp\u00e9titions, l&rsquo;algorithme me propose entre 16 et 25 paris par an, principalement sur le football et le tennis. Le d\u00e9veloppement de ce mod\u00e8le et son adaptation au monde des paris (probabilit\u00e9 des r\u00e9sultats, cotes crois\u00e9es, distribution des gains, abonnement et traitement des donn\u00e9es statistiques&#8230;) m&rsquo;a pris pr\u00e8s de 3 ans avec des investissements cons\u00e9quents. Je souhaite aujourd&rsquo;hui partager avec vous les paris propos\u00e9s chaque ann\u00e9e pour faire cro\u00eetre r\u00e9guli\u00e8rement votre capital allou\u00e9. <\/p>\n\n\n\n<p>Les march\u00e9s \u00e9tant tr\u00e8s liquides, il n&rsquo;y a quasiment pas de chutes de cotes. Le money management (primordial) et les bookmakers \u00e0 utiliser vous seront pr\u00e9cis\u00e9s apr\u00e8s la souscription. La gestion de ces paris ne prend que quelques minutes par mois. Je serais bien entendu ravi de r\u00e9pondre \u00e0 toutes vos questions, en visitant la page FAQ ou me contactant directement sur la page contact.  <\/p>\n\n\n\n<h2 class=\"has-text-align-center\">Tarifs<\/h2>\n\n\n<div class=\"wp-block-image\">\n<figure class=\"aligncenter size-full\"><img loading=\"lazy\" width=\"692\" height=\"688\" src=\"https:\/\/www.parislongterme.fr\/wp-content\/uploads\/2024\/10\/Capture-decran-2024-10-26-200359.png\" alt=\"\" class=\"wp-image-202\" srcset=\"https:\/\/www.parislongterme.fr\/wp-content\/uploads\/2024\/10\/Capture-decran-2024-10-26-200359.png 692w, https:\/\/www.parislongterme.fr\/wp-content\/uploads\/2024\/10\/Capture-decran-2024-10-26-200359-300x298.png 300w, https:\/\/www.parislongterme.fr\/wp-content\/uploads\/2024\/10\/Capture-decran-2024-10-26-200359-150x150.png 150w\" sizes=\"(max-width: 692px) 100vw, 692px\" \/><\/figure><\/div>\n\n\n<figure class=\"wp-block-image size-full\"><img loading=\"lazy\" width=\"690\" height=\"494\" src=\"https:\/\/www.parislongterme.fr\/wp-content\/uploads\/2024\/10\/Capture-decran-2024-10-26-200813.png\" alt=\"\" class=\"wp-image-204\" srcset=\"https:\/\/www.parislongterme.fr\/wp-content\/uploads\/2024\/10\/Capture-decran-2024-10-26-200813.png 690w, https:\/\/www.parislongterme.fr\/wp-content\/uploads\/2024\/10\/Capture-decran-2024-10-26-200813-300x215.png 300w\" sizes=\"(max-width: 690px) 100vw, 690px\" \/><\/figure>\n\n\n\n<div class=\"wp-container-1 is-content-justification-right wp-block-buttons\">\n<div class=\"wp-block-button is-style-fill\"><a class=\"wp-block-button__link\">J&rsquo;acc\u00e8de aux PLT<\/a><\/div>\n\n\n\n<div class=\"wp-block-button is-style-fill\"><a class=\"wp-block-button__link\">version premium <\/a><\/div>\n<\/div>\n\n\n\n<p>Pour des formations ou coaching priv\u00e9s, personnalis\u00e9s et individuels, n&rsquo;h\u00e9sitez pas \u00e0 me contacter via le <a href=\"https:\/\/www.parislongterme.fr\/index.php\/contact\/\" title=\"\">formulaire de contact<\/a> ou par mail directement \u00e0 l&rsquo;adresse suivante : contact@parislongterme.fr<\/p>\n","protected":false},"excerpt":{"rendered":"<p>Je suis Arnaud et j&rsquo;ai travaill\u00e9 durant plusieurs ann\u00e9es dans le trading au sein de banques priv\u00e9es puis en tant qu&rsquo;ind\u00e9pendant. Parieur depuis 12 ans, rentable depuis plus de 7 ans, j&rsquo;ai souhait\u00e9 lancer ce service in\u00e9dit en France afin d&rsquo;aider les parieurs \u00e0 d\u00e9velopper leur activit\u00e9 de paris sportifs comme un investissement rentable sur [&hellip;]<\/p>\n","protected":false},"author":1,"featured_media":0,"parent":0,"menu_order":0,"comment_status":"closed","ping_status":"closed","template":"","meta":{"om_disable_all_campaigns":false,"_monsterinsights_skip_tracking":false,"_monsterinsights_sitenote_active":false,"_monsterinsights_sitenote_note":"","_monsterinsights_sitenote_category":0},"aioseo_notices":[],"_links":{"self":[{"href":"https:\/\/www.parislongterme.fr\/index.php\/wp-json\/wp\/v2\/pages\/21"}],"collection":[{"href":"https:\/\/www.parislongterme.fr\/index.php\/wp-json\/wp\/v2\/pages"}],"about":[{"href":"https:\/\/www.parislongterme.fr\/index.php\/wp-json\/wp\/v2\/types\/page"}],"author":[{"embeddable":true,"href":"https:\/\/www.parislongterme.fr\/index.php\/wp-json\/wp\/v2\/users\/1"}],"replies":[{"embeddable":true,"href":"https:\/\/www.parislongterme.fr\/index.php\/wp-json\/wp\/v2\/comments?post=21"}],"version-history":[{"count":9,"href":"https:\/\/www.parislongterme.fr\/index.php\/wp-json\/wp\/v2\/pages\/21\/revisions"}],"predecessor-version":[{"id":210,"href":"https:\/\/www.parislongterme.fr\/index.php\/wp-json\/wp\/v2\/pages\/21\/revisions\/210"}],"wp:attachment":[{"href":"https:\/\/www.parislongterme.fr\/index.php\/wp-json\/wp\/v2\/media?parent=21"}],"curies":[{"name":"wp","href":"https:\/\/api.w.org\/{rel}","templated":true}]}}